{"id":638,"date":"2023-02-22T10:36:10","date_gmt":"2023-02-22T09:36:10","guid":{"rendered":"https:\/\/dev.gard-door-system.ch\/ueber-uns\/"},"modified":"2025-01-07T15:25:34","modified_gmt":"2025-01-07T14:25:34","slug":"ueber-uns","status":"publish","type":"page","link":"https:\/\/dev.gard-door-system.ch\/de\/ueber-uns\/","title":{"rendered":"\u00dcber uns"},"content":{"rendered":"<p>[et_pb_section fb_built=&#8220;1&#8243; admin_label=&#8220;Hero Section&#8220; _builder_version=&#8220;4.16&#8243; custom_padding=&#8220;0|0px|0px|0px&#8220; global_colors_info=&#8220;{}&#8220;][et_pb_row column_structure=&#8220;1_2,1_2&#8243; use_custom_gutter=&#8220;on&#8220; make_equal=&#8220;on&#8220; _builder_version=&#8220;4.20.0&#8243; width=&#8220;100%&#8220; max_width=&#8220;100%&#8220; custom_padding=&#8220;0px|0|0px|&#8220; use_custom_width=&#8220;on&#8220; width_unit=&#8220;off&#8220; custom_width_percent=&#8220;100%&#8220; global_colors_info=&#8220;{}&#8220;][et_pb_column type=&#8220;1_2&#8243; _builder_version=&#8220;4.16&#8243; custom_padding=&#8220;200px|4%|200px|8%&#8220; custom_padding_tablet=&#8220;60px|10%|60px|10%&#8220; custom_padding_phone=&#8220;60px|10%|60px|10%&#8220; custom_padding_last_edited=&#8220;on|tablet&#8220; global_colors_info=&#8220;{}&#8220; padding_tablet=&#8220;60px|10%|60px|10%&#8220; padding_last_edited=&#8220;on|tablet&#8220; custom_padding__hover=&#8220;|||&#8220; padding_phone=&#8220;60px|10%|60px|10%&#8220;][et_pb_text _builder_version=&#8220;4.20.0&#8243; text_font_size=&#8220;18px&#8220; text_line_height=&#8220;1.8em&#8220; header_font=&#8220;|600|||||||&#8220; header_font_size=&#8220;56px&#8220; header_line_height=&#8220;1.4em&#8220; header_2_font=&#8220;||||||||&#8220; header_3_font=&#8220;||||||||&#8220; max_width=&#8220;600px&#8220; header_font_size_tablet=&#8220;40px&#8220; header_font_size_phone=&#8220;&#8220; header_font_size_last_edited=&#8220;on|tablet&#8220; locked=&#8220;off&#8220; global_colors_info=&#8220;{}&#8220;]<\/p>\n<h1>\u00dcber uns<br \/>\n        <\/h1>\n<p>[\/et_pb_text][\/et_pb_column][et_pb_column type=&#8220;1_2&#8243; _builder_version=&#8220;4.20.0&#8243; background_color=&#8220;#121212&#8243; use_background_color_gradient=&#8220;on&#8220; background_color_gradient_stops=&#8220;rgba(18,18,18,0.5) 0%|#121212 100%&#8220; background_color_gradient_overlays_image=&#8220;on&#8220; background_color_gradient_start=&#8220;rgba(18,18,18,0.5)&#8220; background_color_gradient_end=&#8220;#121212&#8243; background_image=&#8220;https:\/\/dev.gard-door-system.ch\/wp-content\/uploads\/2023\/02\/2022_GDS_Interieur_5000_c_thierrysermier-3.jpg&#8220; custom_padding=&#8220;100px||100px|&#8220; custom_padding_tablet=&#8220;60px||60px|&#8220; custom_padding_phone=&#8220;60px||60px|&#8220; custom_padding_last_edited=&#8220;on|desktop&#8220; global_colors_info=&#8220;{}&#8220; padding_tablet=&#8220;60px||60px|&#8220; padding_last_edited=&#8220;on|desktop&#8220; custom_padding__hover=&#8220;|||&#8220; padding_phone=&#8220;60px||60px|&#8220;][et_pb_image src=&#8220;https:\/\/dev.gard-door-system.ch\/wp-content\/uploads\/2023\/02\/2022_GDS_Interieur_5000_c_thierrysermier-3.jpg&#8220; alt=&#8220;Gesch\u00e4ftsr\u00e4ume von Gard Door System<br \/>\n        &#8220; align_tablet=&#8220;center&#8220; align_phone=&#8220;center&#8220; align_last_edited=&#8220;on|desktop&#8220; _builder_version=&#8220;4.20.0&#8243; max_width=&#8220;600px&#8220; max_width_tablet=&#8220;&#8220; max_width_phone=&#8220;&#8220; max_width_last_edited=&#8220;on|desktop&#8220; custom_margin=&#8220;|||-8%&#8220; custom_margin_tablet=&#8220;60px|60px|60px|60px&#8220; custom_margin_phone=&#8220;&#8220; custom_margin_last_edited=&#8220;on|desktop&#8220; custom_padding=&#8220;|||&#8220; animation_style=&#8220;slide&#8220; animation_direction=&#8220;right&#8220; animation_intensity_slide=&#8220;4%&#8220; animation_starting_opacity=&#8220;50%&#8220; box_shadow_style=&#8220;preset3&#8243; box_shadow_blur=&#8220;80px&#8220; global_colors_info=&#8220;{}&#8220;][\/et_pb_image][\/et_pb_column][\/et_pb_row][\/et_pb_section][et_pb_section fb_built=&#8220;1&#8243; admin_label=&#8220;About&#8220; _builder_version=&#8220;4.20.0&#8243; background_enable_color=&#8220;off&#8220; custom_padding=&#8220;100px|0px|100px|0px&#8220; global_colors_info=&#8220;{}&#8220;][et_pb_row column_structure=&#8220;1_3,2_3&#8243; _builder_version=&#8220;4.20.0&#8243; custom_margin=&#8220;||||false|false&#8220; global_colors_info=&#8220;{}&#8220;][et_pb_column type=&#8220;1_3&#8243; _builder_version=&#8220;4.16&#8243; custom_padding=&#8220;|||&#8220; global_colors_info=&#8220;{}&#8220; custom_padding__hover=&#8220;|||&#8220;][et_pb_text _builder_version=&#8220;4.20.0&#8243; text_font=&#8220;|700|||||||&#8220; text_text_color=&#8220;#1A9DD9&#8243; text_font_size=&#8220;13px&#8220; text_letter_spacing=&#8220;2px&#8220; header_3_font=&#8220;|700|||||||&#8220; header_3_text_color=&#8220;#1A9DD9&#8243; background_layout=&#8220;dark&#8220; locked=&#8220;off&#8220; global_colors_info=&#8220;{}&#8220;]<\/p>\n<h3>Historie<br \/>\n        <\/h3>\n<p>[\/et_pb_text][\/et_pb_column][et_pb_column type=&#8220;2_3&#8243; _builder_version=&#8220;4.16&#8243; custom_padding=&#8220;|||&#8220; global_colors_info=&#8220;{}&#8220; custom_padding__hover=&#8220;|||&#8220;][et_pb_text _builder_version=&#8220;4.20.0&#8243; text_font_size=&#8220;18px&#8220; text_line_height=&#8220;1.8em&#8220; global_colors_info=&#8220;{}&#8220;]<\/p>\n<p>Gard Door System hat seine T\u00e4tigkeit vor mehr als 35 Jahren mit Gard Metal, einem Fachbetrieb f\u00fcr Stahlbau gestartet.<br \/>\n         Nach dem \u00dcbergang in den Bereich der T\u00fcren im Laufe der Jahre kam es 2015 zu einem Eigent\u00fcmerwechsel der Firma.\n        <\/p>\n<p>S\u00e9bastien und Magali \u00fcbernahmen die Leitung des Unternehmens und sorgten mit neuen Produktsortimenten und Dienstleistungen f\u00fcr neuen Aufschwung.\n        <\/p>\n<p>2022 ist ein historisches Jahr f\u00fcr Gard Door System.<br \/>\n         Der Umzug in die nahezu 600 m2 umfassenden Gesch\u00e4ftsr\u00e4ume, die Zusammenlegung von B\u00fcros, Werkstatt und Showroom erm\u00f6glichen es den Kunden, sich umzusehen, und einen Gro\u00dfteil des Produktsortiments anzugreifen und auszuprobieren: zum besseren Kennenlernen vorab, um auch die richtige Wahl zu treffen!\n        <\/p>\n<p>F\u00fcr Gard Door System ist es besonders wichtig, jedem \u2013 egal, ob Privatperson, K\u00f6rperschaft oder gewerblicher Betrieb \u2013 fachgerechte und pers\u00f6nliche Beratung f\u00fcr alle Projekte zukommen zu lassen.\n        <\/p>\n<p>[\/et_pb_text][\/et_pb_column][\/et_pb_row][et_pb_row _builder_version=&#8220;4.20.0&#8243; _module_preset=&#8220;default&#8220; global_colors_info=&#8220;{}&#8220;][et_pb_column type=&#8220;4_4&#8243; _builder_version=&#8220;4.20.0&#8243; _module_preset=&#8220;default&#8220; global_colors_info=&#8220;{}&#8220;][et_pb_divider color=&#8220;#1A9DD9&#8243; divider_weight=&#8220;2px&#8220; _builder_version=&#8220;4.19.5&#8243; max_width=&#8220;150px&#8220; height=&#8220;2px&#8220; custom_margin=&#8220;|||&#8220; custom_padding=&#8220;|||-60px&#8220; custom_padding_tablet=&#8220;|0px||&#8220; custom_padding_last_edited=&#8220;off|desktop&#8220; locked=&#8220;off&#8220; global_colors_info=&#8220;{}&#8220;][\/et_pb_divider][\/et_pb_column][\/et_pb_row][et_pb_row column_structure=&#8220;1_3,2_3&#8243; _builder_version=&#8220;4.20.0&#8243; custom_margin=&#8220;||||false|false&#8220; global_colors_info=&#8220;{}&#8220;][et_pb_column type=&#8220;1_3&#8243; _builder_version=&#8220;4.16&#8243; custom_padding=&#8220;|||&#8220; global_colors_info=&#8220;{}&#8220; custom_padding__hover=&#8220;|||&#8220;][et_pb_text _builder_version=&#8220;4.20.0&#8243; text_font=&#8220;|700|||||||&#8220; text_text_color=&#8220;#1A9DD9&#8243; text_font_size=&#8220;13px&#8220; text_letter_spacing=&#8220;2px&#8220; header_3_font=&#8220;|700|||||||&#8220; header_3_text_color=&#8220;#1A9DD9&#8243; background_layout=&#8220;dark&#8220; locked=&#8220;off&#8220; global_colors_info=&#8220;{}&#8220;]<\/p>\n<h3>Das Team<br \/>\n        <\/h3>\n<p>[\/et_pb_text][\/et_pb_column][et_pb_column type=&#8220;2_3&#8243; _builder_version=&#8220;4.16&#8243; custom_padding=&#8220;|||&#8220; global_colors_info=&#8220;{}&#8220; custom_padding__hover=&#8220;|||&#8220;][et_pb_text _builder_version=&#8220;4.20.0&#8243; text_font_size=&#8220;18px&#8220; text_line_height=&#8220;1.8em&#8220; global_colors_info=&#8220;{}&#8220;]<\/p>\n<p>Das Team von Gard Door System, bestehend aus Beratern und Technikern, ist f\u00fcr Sie da, um Sie bei allen Schritten Ihres Bau- oder Renovierungsprojekts zu unterst\u00fctzen.\n        <\/p>\n<p>Von der passenden Auswahl f\u00fcr Ihre Bed\u00fcrfnisse, Vorlieben und Auflagen, \u00fcber die Installation bis hin zum Kundendienst ist es unsere Aufgabe, Ihnen hochwertige Produkte und einen ma\u00dfgeschneiderten Service zu bieten.\n        <\/p>\n<p>[\/et_pb_text][\/et_pb_column][\/et_pb_row][et_pb_row column_structure=&#8220;1_4,1_4,1_4,1_4&#8243; disabled_on=&#8220;on|on|on&#8220; _builder_version=&#8220;4.20.2&#8243; _module_preset=&#8220;default&#8220; disabled=&#8220;on&#8220; global_colors_info=&#8220;{}&#8220;][et_pb_column type=&#8220;1_4&#8243; _builder_version=&#8220;4.20.0&#8243; _module_preset=&#8220;default&#8220; global_colors_info=&#8220;{}&#8220;][et_pb_team_member image_url=&#8220;data:image\/svg+xml;base64,PHN2ZyB3aWR0aD0iNTAwIiBoZWlnaHQ9IjUwMCIgdmlld0JveD0iMCAwIDUwMCA1MDAiIHhtbG5zPSJodHRwOi8vd3d3LnczLm9yZy8yMDAwL3N2ZyI+CiAgICA8ZyBmaWxsPSJub25lIiBmaWxsLXJ1bGU9ImV2ZW5vZGQiPgogICAgICAgIDxwYXRoIGZpbGw9IiNFQkVCRUIiIGQ9Ik0wIDBoNTAwdjUwMEgweiIvPgogICAgICAgIDxyZWN0IGZpbGwtb3BhY2l0eT0iLjEiIGZpbGw9IiMwMDAiIHg9IjY4IiB5PSIzMDUiIHdpZHRoPSIzNjQiIGhlaWdodD0iNTY4IiByeD0iMTgyIi8+CiAgICAgICAgPGNpcmNsZSBmaWxsLW9wYWNpdHk9Ii4xIiBmaWxsPSIjMDAwIiBjeD0iMjQ5IiBjeT0iMTcyIiByPSIxMDAiLz4KICAgIDwvZz4KPC9zdmc+Cg==&#8220; icon_color=&#8220;#1A9DD9&#8243; _builder_version=&#8220;4.20.2&#8243; _module_preset=&#8220;default&#8220; animation_style=&#8220;slide&#8220; animation_direction=&#8220;bottom&#8220; animation_duration=&#8220;700ms&#8220; box_shadow_style_image=&#8220;preset1&#8243; global_colors_info=&#8220;{}&#8220;][\/et_pb_team_member][\/et_pb_column][et_pb_column type=&#8220;1_4&#8243; _builder_version=&#8220;4.20.0&#8243; _module_preset=&#8220;default&#8220; global_colors_info=&#8220;{}&#8220;][et_pb_team_member image_url=&#8220;data:image\/svg+xml;base64,PHN2ZyB3aWR0aD0iNTAwIiBoZWlnaHQ9IjUwMCIgdmlld0JveD0iMCAwIDUwMCA1MDAiIHhtbG5zPSJodHRwOi8vd3d3LnczLm9yZy8yMDAwL3N2ZyI+CiAgICA8ZyBmaWxsPSJub25lIiBmaWxsLXJ1bGU9ImV2ZW5vZGQiPgogICAgICAgIDxwYXRoIGZpbGw9IiNFQkVCRUIiIGQ9Ik0wIDBoNTAwdjUwMEgweiIvPgogICAgICAgIDxyZWN0IGZpbGwtb3BhY2l0eT0iLjEiIGZpbGw9IiMwMDAiIHg9IjY4IiB5PSIzMDUiIHdpZHRoPSIzNjQiIGhlaWdodD0iNTY4IiByeD0iMTgyIi8+CiAgICAgICAgPGNpcmNsZSBmaWxsLW9wYWNpdHk9Ii4xIiBmaWxsPSIjMDAwIiBjeD0iMjQ5IiBjeT0iMTcyIiByPSIxMDAiLz4KICAgIDwvZz4KPC9zdmc+Cg==&#8220; icon_color=&#8220;#1A9DD9&#8243; _builder_version=&#8220;4.20.2&#8243; _module_preset=&#8220;default&#8220; animation_style=&#8220;slide&#8220; animation_direction=&#8220;bottom&#8220; animation_duration=&#8220;700ms&#8220; box_shadow_style_image=&#8220;preset1&#8243; global_colors_info=&#8220;{}&#8220;][\/et_pb_team_member][\/et_pb_column][et_pb_column type=&#8220;1_4&#8243; _builder_version=&#8220;4.20.0&#8243; _module_preset=&#8220;default&#8220; global_colors_info=&#8220;{}&#8220;][et_pb_team_member image_url=&#8220;data:image\/svg+xml;base64,PHN2ZyB3aWR0aD0iNTAwIiBoZWlnaHQ9IjUwMCIgdmlld0JveD0iMCAwIDUwMCA1MDAiIHhtbG5zPSJodHRwOi8vd3d3LnczLm9yZy8yMDAwL3N2ZyI+CiAgICA8ZyBmaWxsPSJub25lIiBmaWxsLXJ1bGU9ImV2ZW5vZGQiPgogICAgICAgIDxwYXRoIGZpbGw9IiNFQkVCRUIiIGQ9Ik0wIDBoNTAwdjUwMEgweiIvPgogICAgICAgIDxyZWN0IGZpbGwtb3BhY2l0eT0iLjEiIGZpbGw9IiMwMDAiIHg9IjY4IiB5PSIzMDUiIHdpZHRoPSIzNjQiIGhlaWdodD0iNTY4IiByeD0iMTgyIi8+CiAgICAgICAgPGNpcmNsZSBmaWxsLW9wYWNpdHk9Ii4xIiBmaWxsPSIjMDAwIiBjeD0iMjQ5IiBjeT0iMTcyIiByPSIxMDAiLz4KICAgIDwvZz4KPC9zdmc+Cg==&#8220; icon_color=&#8220;#1A9DD9&#8243; _builder_version=&#8220;4.20.2&#8243; _module_preset=&#8220;default&#8220; animation_style=&#8220;slide&#8220; animation_direction=&#8220;bottom&#8220; animation_duration=&#8220;700ms&#8220; box_shadow_style_image=&#8220;preset1&#8243; global_colors_info=&#8220;{}&#8220;][\/et_pb_team_member][\/et_pb_column][et_pb_column type=&#8220;1_4&#8243; _builder_version=&#8220;4.20.0&#8243; _module_preset=&#8220;default&#8220; global_colors_info=&#8220;{}&#8220;][et_pb_team_member image_url=&#8220;data:image\/svg+xml;base64,PHN2ZyB3aWR0aD0iNTAwIiBoZWlnaHQ9IjUwMCIgdmlld0JveD0iMCAwIDUwMCA1MDAiIHhtbG5zPSJodHRwOi8vd3d3LnczLm9yZy8yMDAwL3N2ZyI+CiAgICA8ZyBmaWxsPSJub25lIiBmaWxsLXJ1bGU9ImV2ZW5vZGQiPgogICAgICAgIDxwYXRoIGZpbGw9IiNFQkVCRUIiIGQ9Ik0wIDBoNTAwdjUwMEgweiIvPgogICAgICAgIDxyZWN0IGZpbGwtb3BhY2l0eT0iLjEiIGZpbGw9IiMwMDAiIHg9IjY4IiB5PSIzMDUiIHdpZHRoPSIzNjQiIGhlaWdodD0iNTY4IiByeD0iMTgyIi8+CiAgICAgICAgPGNpcmNsZSBmaWxsLW9wYWNpdHk9Ii4xIiBmaWxsPSIjMDAwIiBjeD0iMjQ5IiBjeT0iMTcyIiByPSIxMDAiLz4KICAgIDwvZz4KPC9zdmc+Cg==&#8220; icon_color=&#8220;#1A9DD9&#8243; _builder_version=&#8220;4.20.2&#8243; _module_preset=&#8220;default&#8220; animation_style=&#8220;slide&#8220; animation_direction=&#8220;bottom&#8220; animation_duration=&#8220;700ms&#8220; box_shadow_style_image=&#8220;preset1&#8243; global_colors_info=&#8220;{}&#8220;][\/et_pb_team_member][\/et_pb_column][\/et_pb_row][\/et_pb_section]<\/p>\n","protected":false},"excerpt":{"rendered":"<p>\u00dcber uns Historie Gard Door System hat seine T\u00e4tigkeit vor mehr als 35 Jahren mit Gard Metal, einem Fachbetrieb f\u00fcr Stahlbau gestartet. Nach dem \u00dcbergang in den Bereich der T\u00fcren im Laufe der Jahre kam es 2015 zu einem Eigent\u00fcmerwechsel der Firma. S\u00e9bastien und Magali \u00fcbernahmen die Leitung des Unternehmens und sorgten mit neuen Produktsortimenten [&hellip;]<\/p>\n","protected":false},"author":2,"featured_media":0,"parent":0,"menu_order":0,"comment_status":"closed","ping_status":"closed","template":"","meta":{"_et_pb_use_builder":"on","_et_pb_old_content":"","_et_gb_content_width":"","footnotes":""},"class_list":["post-638","page","type-page","status-publish","hentry"],"yoast_head":"<!-- This site is optimized with the Yoast SEO plugin v27.3 - https:\/\/yoast.com\/product\/yoast-seo-wordpress\/ -->\n<title>\u00dcber uns - Gard Door System SA<\/title>\n<meta name=\"description\" content=\"Gard Door System bietet Ihnen \u2013 egal, ob Sie eine Privatperson, eine K\u00f6rperschaft oder ein gewerblicher Betrieb sind \u2013 fachgerechte und pers\u00f6nliche Beratung f\u00fcr alle Ihre Projekte an.\" \/>\n<meta name=\"robots\" content=\"index, follow, max-snippet:-1, max-image-preview:large, max-video-preview:-1\" \/>\n<link rel=\"canonical\" href=\"https:\/\/dev.gard-door-system.ch\/de\/ueber-uns\/\" \/>\n<meta property=\"og:locale\" content=\"de_DE\" \/>\n<meta property=\"og:type\" content=\"article\" \/>\n<meta property=\"og:title\" content=\"\u00dcber uns - Gard Door System SA\" \/>\n<meta property=\"og:description\" content=\"Gard Door System bietet Ihnen \u2013 egal, ob Sie eine Privatperson, eine K\u00f6rperschaft oder ein gewerblicher Betrieb sind \u2013 fachgerechte und pers\u00f6nliche Beratung f\u00fcr alle Ihre Projekte an.\" \/>\n<meta property=\"og:url\" content=\"https:\/\/dev.gard-door-system.ch\/de\/ueber-uns\/\" \/>\n<meta property=\"og:site_name\" content=\"Gard Door System SA\" \/>\n<meta property=\"article:modified_time\" content=\"2025-01-07T14:25:34+00:00\" \/>\n<meta property=\"og:image\" content=\"https:\/\/dev.gard-door-system.ch\/wp-content\/uploads\/2023\/03\/logo-GDS.png\" \/>\n\t<meta property=\"og:image:width\" content=\"1200\" \/>\n\t<meta property=\"og:image:height\" content=\"675\" \/>\n\t<meta property=\"og:image:type\" content=\"image\/png\" \/>\n<meta name=\"twitter:card\" content=\"summary_large_image\" \/>\n<meta name=\"twitter:label1\" content=\"Gesch\u00e4tzte Lesezeit\" \/>\n\t<meta name=\"twitter:data1\" content=\"7\u00a0Minuten\" \/>\n<script type=\"application\/ld+json\" class=\"yoast-schema-graph\">{\"@context\":\"https:\\\/\\\/schema.org\",\"@graph\":[{\"@type\":\"WebPage\",\"@id\":\"https:\\\/\\\/dev.gard-door-system.ch\\\/de\\\/ueber-uns\\\/\",\"url\":\"https:\\\/\\\/dev.gard-door-system.ch\\\/de\\\/ueber-uns\\\/\",\"name\":\"\u00dcber uns - Gard Door System SA\",\"isPartOf\":{\"@id\":\"https:\\\/\\\/dev.gard-door-system.ch\\\/de\\\/#website\"},\"datePublished\":\"2023-02-22T09:36:10+00:00\",\"dateModified\":\"2025-01-07T14:25:34+00:00\",\"description\":\"Gard Door System bietet Ihnen \u2013 egal, ob Sie eine Privatperson, eine K\u00f6rperschaft oder ein gewerblicher Betrieb sind \u2013 fachgerechte und pers\u00f6nliche Beratung f\u00fcr alle Ihre Projekte an.\",\"breadcrumb\":{\"@id\":\"https:\\\/\\\/dev.gard-door-system.ch\\\/de\\\/ueber-uns\\\/#breadcrumb\"},\"inLanguage\":\"de\",\"potentialAction\":[{\"@type\":\"ReadAction\",\"target\":[\"https:\\\/\\\/dev.gard-door-system.ch\\\/de\\\/ueber-uns\\\/\"]}]},{\"@type\":\"BreadcrumbList\",\"@id\":\"https:\\\/\\\/dev.gard-door-system.ch\\\/de\\\/ueber-uns\\\/#breadcrumb\",\"itemListElement\":[{\"@type\":\"ListItem\",\"position\":1,\"name\":\"Accueil\",\"item\":\"https:\\\/\\\/dev.gard-door-system.ch\\\/de\\\/\"},{\"@type\":\"ListItem\",\"position\":2,\"name\":\"\u00dcber uns\"}]},{\"@type\":\"WebSite\",\"@id\":\"https:\\\/\\\/dev.gard-door-system.ch\\\/de\\\/#website\",\"url\":\"https:\\\/\\\/dev.gard-door-system.ch\\\/de\\\/\",\"name\":\"Gard Door System SA\",\"description\":\"\",\"publisher\":{\"@id\":\"https:\\\/\\\/dev.gard-door-system.ch\\\/de\\\/#organization\"},\"potentialAction\":[{\"@type\":\"SearchAction\",\"target\":{\"@type\":\"EntryPoint\",\"urlTemplate\":\"https:\\\/\\\/dev.gard-door-system.ch\\\/de\\\/?s={search_term_string}\"},\"query-input\":{\"@type\":\"PropertyValueSpecification\",\"valueRequired\":true,\"valueName\":\"search_term_string\"}}],\"inLanguage\":\"de\"},{\"@type\":\"Organization\",\"@id\":\"https:\\\/\\\/dev.gard-door-system.ch\\\/de\\\/#organization\",\"name\":\"Gard Door System SA\",\"url\":\"https:\\\/\\\/dev.gard-door-system.ch\\\/de\\\/\",\"logo\":{\"@type\":\"ImageObject\",\"inLanguage\":\"de\",\"@id\":\"https:\\\/\\\/dev.gard-door-system.ch\\\/de\\\/#\\\/schema\\\/logo\\\/image\\\/\",\"url\":\"https:\\\/\\\/dev.gard-door-system.ch\\\/wp-content\\\/uploads\\\/2023\\\/02\\\/6Fichier-12x-1.png\",\"contentUrl\":\"https:\\\/\\\/dev.gard-door-system.ch\\\/wp-content\\\/uploads\\\/2023\\\/02\\\/6Fichier-12x-1.png\",\"width\":1665,\"height\":1156,\"caption\":\"Gard Door System SA\"},\"image\":{\"@id\":\"https:\\\/\\\/dev.gard-door-system.ch\\\/de\\\/#\\\/schema\\\/logo\\\/image\\\/\"}}]}<\/script>\n<!-- \/ Yoast SEO plugin. -->","yoast_head_json":{"title":"\u00dcber uns - Gard Door System SA","description":"Gard Door System bietet Ihnen \u2013 egal, ob Sie eine Privatperson, eine K\u00f6rperschaft oder ein gewerblicher Betrieb sind \u2013 fachgerechte und pers\u00f6nliche Beratung f\u00fcr alle Ihre Projekte an.","robots":{"index":"index","follow":"follow","max-snippet":"max-snippet:-1","max-image-preview":"max-image-preview:large","max-video-preview":"max-video-preview:-1"},"canonical":"https:\/\/dev.gard-door-system.ch\/de\/ueber-uns\/","og_locale":"de_DE","og_type":"article","og_title":"\u00dcber uns - Gard Door System SA","og_description":"Gard Door System bietet Ihnen \u2013 egal, ob Sie eine Privatperson, eine K\u00f6rperschaft oder ein gewerblicher Betrieb sind \u2013 fachgerechte und pers\u00f6nliche Beratung f\u00fcr alle Ihre Projekte an.","og_url":"https:\/\/dev.gard-door-system.ch\/de\/ueber-uns\/","og_site_name":"Gard Door System SA","article_modified_time":"2025-01-07T14:25:34+00:00","og_image":[{"width":1200,"height":675,"url":"https:\/\/dev.gard-door-system.ch\/wp-content\/uploads\/2023\/03\/logo-GDS.png","type":"image\/png"}],"twitter_card":"summary_large_image","twitter_misc":{"Gesch\u00e4tzte Lesezeit":"7\u00a0Minuten"},"schema":{"@context":"https:\/\/schema.org","@graph":[{"@type":"WebPage","@id":"https:\/\/dev.gard-door-system.ch\/de\/ueber-uns\/","url":"https:\/\/dev.gard-door-system.ch\/de\/ueber-uns\/","name":"\u00dcber uns - Gard Door System SA","isPartOf":{"@id":"https:\/\/dev.gard-door-system.ch\/de\/#website"},"datePublished":"2023-02-22T09:36:10+00:00","dateModified":"2025-01-07T14:25:34+00:00","description":"Gard Door System bietet Ihnen \u2013 egal, ob Sie eine Privatperson, eine K\u00f6rperschaft oder ein gewerblicher Betrieb sind \u2013 fachgerechte und pers\u00f6nliche Beratung f\u00fcr alle Ihre Projekte an.","breadcrumb":{"@id":"https:\/\/dev.gard-door-system.ch\/de\/ueber-uns\/#breadcrumb"},"inLanguage":"de","potentialAction":[{"@type":"ReadAction","target":["https:\/\/dev.gard-door-system.ch\/de\/ueber-uns\/"]}]},{"@type":"BreadcrumbList","@id":"https:\/\/dev.gard-door-system.ch\/de\/ueber-uns\/#breadcrumb","itemListElement":[{"@type":"ListItem","position":1,"name":"Accueil","item":"https:\/\/dev.gard-door-system.ch\/de\/"},{"@type":"ListItem","position":2,"name":"\u00dcber uns"}]},{"@type":"WebSite","@id":"https:\/\/dev.gard-door-system.ch\/de\/#website","url":"https:\/\/dev.gard-door-system.ch\/de\/","name":"Gard Door System SA","description":"","publisher":{"@id":"https:\/\/dev.gard-door-system.ch\/de\/#organization"},"potentialAction":[{"@type":"SearchAction","target":{"@type":"EntryPoint","urlTemplate":"https:\/\/dev.gard-door-system.ch\/de\/?s={search_term_string}"},"query-input":{"@type":"PropertyValueSpecification","valueRequired":true,"valueName":"search_term_string"}}],"inLanguage":"de"},{"@type":"Organization","@id":"https:\/\/dev.gard-door-system.ch\/de\/#organization","name":"Gard Door System SA","url":"https:\/\/dev.gard-door-system.ch\/de\/","logo":{"@type":"ImageObject","inLanguage":"de","@id":"https:\/\/dev.gard-door-system.ch\/de\/#\/schema\/logo\/image\/","url":"https:\/\/dev.gard-door-system.ch\/wp-content\/uploads\/2023\/02\/6Fichier-12x-1.png","contentUrl":"https:\/\/dev.gard-door-system.ch\/wp-content\/uploads\/2023\/02\/6Fichier-12x-1.png","width":1665,"height":1156,"caption":"Gard Door System SA"},"image":{"@id":"https:\/\/dev.gard-door-system.ch\/de\/#\/schema\/logo\/image\/"}}]}},"_links":{"self":[{"href":"https:\/\/dev.gard-door-system.ch\/de\/wp-json\/wp\/v2\/pages\/638","targetHints":{"allow":["GET"]}}],"collection":[{"href":"https:\/\/dev.gard-door-system.ch\/de\/wp-json\/wp\/v2\/pages"}],"about":[{"href":"https:\/\/dev.gard-door-system.ch\/de\/wp-json\/wp\/v2\/types\/page"}],"author":[{"embeddable":true,"href":"https:\/\/dev.gard-door-system.ch\/de\/wp-json\/wp\/v2\/users\/2"}],"replies":[{"embeddable":true,"href":"https:\/\/dev.gard-door-system.ch\/de\/wp-json\/wp\/v2\/comments?post=638"}],"version-history":[{"count":5,"href":"https:\/\/dev.gard-door-system.ch\/de\/wp-json\/wp\/v2\/pages\/638\/revisions"}],"predecessor-version":[{"id":659,"href":"https:\/\/dev.gard-door-system.ch\/de\/wp-json\/wp\/v2\/pages\/638\/revisions\/659"}],"wp:attachment":[{"href":"https:\/\/dev.gard-door-system.ch\/de\/wp-json\/wp\/v2\/media?parent=638"}],"curies":[{"name":"wp","href":"https:\/\/api.w.org\/{rel}","templated":true}]}}