{"id":643,"date":"2023-03-28T13:26:14","date_gmt":"2023-03-28T11:26:14","guid":{"rendered":"https:\/\/dev.gard-door-system.ch\/holler\/"},"modified":"2025-01-07T15:59:01","modified_gmt":"2025-01-07T14:59:01","slug":"holler","status":"publish","type":"page","link":"https:\/\/dev.gard-door-system.ch\/de\/holler\/","title":{"rendered":"Holler"},"content":{"rendered":"<p>[et_pb_section fb_built=&#8220;1&#8243; admin_label=&#8220;Hero Section&#8220; _builder_version=&#8220;4.16&#8243; custom_padding=&#8220;0|0px|0px|0px&#8220; global_colors_info=&#8220;{}&#8220;][et_pb_row column_structure=&#8220;1_2,1_2&#8243; make_equal=&#8220;on&#8220; _builder_version=&#8220;4.20.2&#8243; width=&#8220;100%&#8220; max_width=&#8220;100%&#8220; custom_padding=&#8220;0px|0|0px|&#8220; use_custom_width=&#8220;on&#8220; width_unit=&#8220;off&#8220; custom_width_percent=&#8220;100%&#8220; global_colors_info=&#8220;{}&#8220;][et_pb_column type=&#8220;1_2&#8243; _builder_version=&#8220;4.16&#8243; custom_padding=&#8220;200px|8%|260px|8%&#8220; custom_padding_tablet=&#8220;80px|10%|80px|10%&#8220; custom_padding_phone=&#8220;80px|10%|80px|10%&#8220; custom_padding_last_edited=&#8220;on|tablet&#8220; global_colors_info=&#8220;{}&#8220; padding_tablet=&#8220;80px|10%|80px|10%&#8220; padding_last_edited=&#8220;on|tablet&#8220; custom_padding__hover=&#8220;|||&#8220; padding_phone=&#8220;80px|10%|80px|10%&#8220;][et_pb_text _builder_version=&#8220;4.20.2&#8243; text_font_size=&#8220;18px&#8220; text_line_height=&#8220;1.8em&#8220; header_font=&#8220;Cormorant Garamond||||||||&#8220; header_font_size=&#8220;56px&#8220; header_line_height=&#8220;1.4em&#8220; header_2_font=&#8220;||||||||&#8220; header_3_font=&#8220;||||||||&#8220; max_width=&#8220;600px&#8220; header_font_size_tablet=&#8220;40px&#8220; header_font_size_phone=&#8220;&#8220; header_font_size_last_edited=&#8220;on|tablet&#8220; locked=&#8220;off&#8220; global_colors_info=&#8220;{}&#8220;]<\/p>\n<p>Holler Tore ist seit mehr als 30 Jahren in den Bereichen Tor- und Zaunsysteme t\u00e4tig.\n        <\/p>\n<p>[\/et_pb_text][et_pb_button button_url=&#8220;https:\/\/www.holler-tore.at\/fr\/&#8220; url_new_window=&#8220;on&#8220; button_text=&#8220;Besuchen Sie die Website von Holler&#8220; _builder_version=&#8220;4.27.4&#8243; button_letter_spacing=&#8220;2px&#8220; button_font=&#8220;|600|||||||&#8220; background_layout=&#8220;dark&#8220; custom_padding=&#8220;10px||10px|&#8220; hover_enabled=&#8220;0&#8243; button_letter_spacing_hover=&#8220;2px&#8220; locked=&#8220;off&#8220; global_colors_info=&#8220;{}&#8220; button_text_size__hover_enabled=&#8220;off&#8220; button_one_text_size__hover_enabled=&#8220;off&#8220; button_two_text_size__hover_enabled=&#8220;off&#8220; button_text_color__hover_enabled=&#8220;off&#8220; button_one_text_color__hover_enabled=&#8220;off&#8220; button_two_text_color__hover_enabled=&#8220;off&#8220; button_border_width__hover_enabled=&#8220;off&#8220; button_one_border_width__hover_enabled=&#8220;off&#8220; button_two_border_width__hover_enabled=&#8220;off&#8220; button_border_color__hover_enabled=&#8220;off&#8220; button_one_border_color__hover_enabled=&#8220;off&#8220; button_two_border_color__hover_enabled=&#8220;off&#8220; button_border_radius__hover_enabled=&#8220;off&#8220; button_one_border_radius__hover_enabled=&#8220;off&#8220; button_two_border_radius__hover_enabled=&#8220;off&#8220; button_letter_spacing__hover_enabled=&#8220;off|desktop&#8220; button_letter_spacing__hover=&#8220;2px&#8220; button_one_letter_spacing__hover_enabled=&#8220;off&#8220; button_two_letter_spacing__hover_enabled=&#8220;off&#8220; button_bg_color__hover_enabled=&#8220;off&#8220; button_one_bg_color__hover_enabled=&#8220;off&#8220; button_two_bg_color__hover_enabled=&#8220;off&#8220; sticky_enabled=&#8220;0&#8243;][\/et_pb_button][\/et_pb_column][et_pb_column type=&#8220;1_2&#8243; _builder_version=&#8220;4.20.2&#8243; background_color=&#8220;#121212&#8243; use_background_color_gradient=&#8220;on&#8220; background_color_gradient_stops=&#8220;rgba(18,18,18,0.5) 0%|#121212 100%&#8220; background_color_gradient_overlays_image=&#8220;on&#8220; background_color_gradient_start=&#8220;rgba(18,18,18,0.5)&#8220; background_color_gradient_end=&#8220;#121212&#8243; background_image=&#8220;https:\/\/dev.gard-door-system.ch\/wp-content\/uploads\/2023\/03\/parislo-2048&#215;1365-1.jpg&#8220; custom_padding=&#8220;200px||260px||false|false&#8220; custom_padding_tablet=&#8220;80px|10%|80px|10%&#8220; custom_padding_phone=&#8220;80px|10%|80px|10%&#8220; custom_padding_last_edited=&#8220;on|desktop&#8220; global_colors_info=&#8220;{}&#8220; padding_tablet=&#8220;80px|10%|80px|10%&#8220; padding_last_edited=&#8220;on|desktop&#8220; custom_padding__hover=&#8220;|||&#8220; padding_phone=&#8220;80px|10%|80px|10%&#8220;][et_pb_image src=&#8220;https:\/\/dev.gard-door-system.ch\/wp-content\/uploads\/2023\/03\/logo-holler.png&#8220; alt=&#8220;Logo Holler<br \/>\n        &#8220; align=&#8220;center&#8220; _builder_version=&#8220;4.20.2&#8243; _module_preset=&#8220;default&#8220; width=&#8220;86%&#8220; width_tablet=&#8220;90%&#8220; width_phone=&#8220;90%&#8220; width_last_edited=&#8220;on|phone&#8220; module_alignment=&#8220;center&#8220; global_colors_info=&#8220;{}&#8220;][\/et_pb_image][\/et_pb_column][\/et_pb_row][\/et_pb_section][et_pb_section fb_built=&#8220;1&#8243; _builder_version=&#8220;4.19.5&#8243; background_enable_color=&#8220;off&#8220; custom_padding=&#8220;0|0px|100px|0px&#8220; global_colors_info=&#8220;{}&#8220;][et_pb_row _builder_version=&#8220;4.16&#8243; custom_margin=&#8220;|||&#8220; animation_direction=&#8220;bottom&#8220; global_colors_info=&#8220;{}&#8220;][et_pb_column type=&#8220;4_4&#8243; _builder_version=&#8220;4.16&#8243; custom_padding=&#8220;|||&#8220; global_colors_info=&#8220;{}&#8220; custom_padding__hover=&#8220;|||&#8220;][et_pb_image src=&#8220;https:\/\/dev.gard-door-system.ch\/wp-content\/uploads\/2023\/03\/20150812_121010.jpg&#8220; align=&#8220;center&#8220; align_tablet=&#8220;center&#8220; align_phone=&#8220;center&#8220; align_last_edited=&#8220;on|desktop&#8220; _builder_version=&#8220;4.20.2&#8243; custom_margin=&#8220;-160px|||&#8220; custom_margin_tablet=&#8220;0px|||&#8220; custom_margin_phone=&#8220;&#8220; custom_margin_last_edited=&#8220;on|tablet&#8220; animation_style=&#8220;slide&#8220; animation_direction=&#8220;bottom&#8220; animation_intensity_slide=&#8220;6%&#8220; animation_starting_opacity=&#8220;50%&#8220; global_colors_info=&#8220;{}&#8220;][\/et_pb_image][\/et_pb_column][\/et_pb_row][et_pb_row column_structure=&#8220;1_2,1_2&#8243; disabled_on=&#8220;on|on|on&#8220; _builder_version=&#8220;4.21.0&#8243; disabled=&#8220;on&#8220; global_colors_info=&#8220;{}&#8220;][et_pb_column type=&#8220;1_2&#8243; _builder_version=&#8220;4.16&#8243; custom_padding=&#8220;|||&#8220; global_colors_info=&#8220;{}&#8220; custom_padding__hover=&#8220;|||&#8220;][et_pb_image src=&#8220;https:\/\/dev.gard-door-system.ch\/wp-content\/uploads\/2023\/03\/20210408_191519.jpg&#8220; align_tablet=&#8220;center&#8220; align_phone=&#8220;center&#8220; align_last_edited=&#8220;on|desktop&#8220; _builder_version=&#8220;4.20.2&#8243; custom_margin=&#8220;|||&#8220; custom_margin_tablet=&#8220;0px|||&#8220; custom_margin_last_edited=&#8220;off|desktop&#8220; animation_style=&#8220;slide&#8220; animation_direction=&#8220;bottom&#8220; animation_intensity_slide=&#8220;6%&#8220; animation_starting_opacity=&#8220;50%&#8220; global_colors_info=&#8220;{}&#8220;][\/et_pb_image][\/et_pb_column][et_pb_column type=&#8220;1_2&#8243; _builder_version=&#8220;4.16&#8243; custom_padding=&#8220;|||&#8220; global_colors_info=&#8220;{}&#8220; custom_padding__hover=&#8220;|||&#8220;][et_pb_image src=&#8220;https:\/\/dev.gard-door-system.ch\/wp-content\/uploads\/2023\/03\/DSC_3614-1024&#215;683-1.jpg&#8220; align_tablet=&#8220;center&#8220; align_phone=&#8220;center&#8220; align_last_edited=&#8220;on|desktop&#8220; _builder_version=&#8220;4.20.2&#8243; custom_margin=&#8220;|||&#8220; custom_margin_tablet=&#8220;0px|||&#8220; custom_margin_last_edited=&#8220;off|desktop&#8220; animation_style=&#8220;slide&#8220; animation_direction=&#8220;bottom&#8220; animation_intensity_slide=&#8220;6%&#8220; animation_starting_opacity=&#8220;50%&#8220; global_colors_info=&#8220;{}&#8220;][\/et_pb_image][\/et_pb_column][\/et_pb_row][et_pb_row disabled_on=&#8220;off|off|off&#8220; _builder_version=&#8220;4.21.0&#8243; _module_preset=&#8220;default&#8220; global_colors_info=&#8220;{}&#8220;][et_pb_column type=&#8220;4_4&#8243; _builder_version=&#8220;4.21.0&#8243; _module_preset=&#8220;default&#8220; global_colors_info=&#8220;{}&#8220;][et_pb_image src=&#8220;https:\/\/dev.gard-door-system.ch\/wp-content\/uploads\/2023\/06\/insta-picto.png&#8220; alt=&#8220;Picto Instagram<br \/>\n        &#8220; align=&#8220;center&#8220; _builder_version=&#8220;4.21.0&#8243; _module_preset=&#8220;default&#8220; width=&#8220;7%&#8220; width_tablet=&#8220;16%&#8220; width_phone=&#8220;24%&#8220; width_last_edited=&#8220;on|phone&#8220; global_colors_info=&#8220;{}&#8220;][\/et_pb_image][et_pb_text _builder_version=&#8220;4.21.0&#8243; _module_preset=&#8220;default&#8220; header_4_text_align=&#8220;center&#8220; global_colors_info=&#8220;{}&#8220;]<\/p>\n<h4><a href=\"https:\/\/www.instagram.com\/garddoorsystem\/\" target=\"_blank\" rel=\"noopener\">@Gard Door System<br \/>\n        <\/a><\/h4>\n<p>[\/et_pb_text][et_pb_code _builder_version=&#8220;4.21.0&#8243; _module_preset=&#8220;default&#8220; global_colors_info=&#8220;{}&#8220;]<\/p>\n<div class=\"alptools-gallery\"><\/div>\n<p><!-- [et_pb_line_break_holder] --><script><!-- [et_pb_line_break_holder] -->    var modalHtml =<!-- [et_pb_line_break_holder] -->        `<\/p>\n<div id=\"alptoolsModal\" class=\"alptools-modal\"><!-- [et_pb_line_break_holder] -->        <\/p>\n<div id=\"alptoolsModalFlex\" class=\"alptools-modal-flex\"><!-- [et_pb_line_break_holder] -->        <\/p>\n<div class=\"alptools-modal-content\"><!-- [et_pb_line_break_holder] -->                    <img decoding=\"async\" class=\"alptools-close\" src=\"https:\/\/alpmobi-tools.alpsoft.ch\/images\/times-circle.png\" \/><!-- [et_pb_line_break_holder] -->                    <img decoding=\"async\" class=\"alptools-previous\" src=\"https:\/\/alpmobi-tools.alpsoft.ch\/images\/chevron-left.png\" \/><!-- [et_pb_line_break_holder] -->                    <img decoding=\"async\" class=\"alptools-next\" src=\"https:\/\/alpmobi-tools.alpsoft.ch\/images\/chevron-right.png\" \/><!-- [et_pb_line_break_holder] -->        <\/p>\n<div class=\"alptools-modal-media\"><\/div>\n<p><!-- [et_pb_line_break_holder] -->        <\/p>\n<div class=\"alptools-modal-text-wrapper\"><!-- [et_pb_line_break_holder] -->        <\/p>\n<div class=\"alptools-modal-text-scroll\"><!-- [et_pb_line_break_holder] -->        <\/p>\n<div class=\"alptools-modal-post-info\"><\/div>\n<p><!-- [et_pb_line_break_holder] -->        <\/p>\n<div class=\"alptools-modal-caption\"><\/div>\n<p><!-- [et_pb_line_break_holder] -->        <\/div>\n<p><!-- [et_pb_line_break_holder] -->        <\/div>\n<p><!-- [et_pb_line_break_holder] -->        <\/div>\n<p><!-- [et_pb_line_break_holder] -->        <\/div>\n<p><!-- [et_pb_line_break_holder] -->        <\/div>\n<p>`;<!-- [et_pb_line_break_holder] -->    jQuery(function() {<!-- [et_pb_line_break_holder] -->        jQuery('body').append(modalHtml);<!-- [et_pb_line_break_holder] -->        var url = 'https:\/\/alpmobi-tools.alpsoft.ch\/fr\/api\/v1\/Instagram\/GetGallery?username=garddoorsystem&includeVideos=true&hashtags=portailholler&skip=0&take=9';<!-- [et_pb_line_break_holder] -->        jQuery.ajax({<!-- [et_pb_line_break_holder] -->            url: url,<!-- [et_pb_line_break_holder] -->            type: 'GET',<!-- [et_pb_line_break_holder] -->            dataType: 'html',<!-- [et_pb_line_break_holder] -->            cache: false,<!-- [et_pb_line_break_holder] -->            processData: false,<!-- [et_pb_line_break_holder] -->            contentType: false,<!-- [et_pb_line_break_holder] -->            success: function(result) {<!-- [et_pb_line_break_holder] -->                jQuery('.alptools-gallery').append(result);<!-- [et_pb_line_break_holder] -->            }<!-- [et_pb_line_break_holder] -->        }).done(function() {<!-- [et_pb_line_break_holder] -->            alptoolsScaleImages();<!-- [et_pb_line_break_holder] -->        });<!-- [et_pb_line_break_holder] -->    });<!-- [et_pb_line_break_holder] --><!-- [et_pb_line_break_holder] --><\/script>[\/et_pb_code][\/et_pb_column][\/et_pb_row][et_pb_row column_structure=&#8220;1_2,1_2&#8243; _builder_version=&#8220;4.16&#8243; background_color=&#8220;#1b1b1b&#8220; custom_margin=&#8220;50px||50px|&#8220; custom_padding=&#8220;50px|40px|50px|40px&#8220; global_colors_info=&#8220;{}&#8220;][et_pb_column type=&#8220;1_2&#8243; _builder_version=&#8220;4.16&#8243; custom_padding=&#8220;|||&#8220; global_colors_info=&#8220;{}&#8220; custom_padding__hover=&#8220;|||&#8220;][et_pb_text _builder_version=&#8220;4.19.5&#8243; text_font=&#8220;Karla||||||||&#8220; text_text_color=&#8220;rgba(255,255,255,0.7)&#8220; text_font_size=&#8220;18px&#8220; text_line_height=&#8220;1.8em&#8220; header_font=&#8220;||||||||&#8220; header_2_font_size=&#8220;40px&#8220; header_2_line_height=&#8220;1.4em&#8220; header_3_font=&#8220;||||||||&#8220; background_layout=&#8220;dark&#8220; max_width=&#8220;600px&#8220; locked=&#8220;off&#8220; global_colors_info=&#8220;{}&#8220;]<\/p>\n<h2>Hier finden Sie s\u00e4mtliche Produkte<br \/>\n        <\/h2>\n<p>[\/et_pb_text][\/et_pb_column][et_pb_column type=&#8220;1_2&#8243; _builder_version=&#8220;4.16&#8243; custom_padding=&#8220;|||&#8220; custom_padding_phone=&#8220;|||40px&#8220; custom_padding_last_edited=&#8220;off|desktop&#8220; global_colors_info=&#8220;{}&#8220; padding_phone=&#8220;|||40px&#8220; padding_last_edited=&#8220;off|desktop&#8220; custom_padding__hover=&#8220;|||&#8220;][et_pb_text _builder_version=&#8220;4.20.2&#8243; text_text_color=&#8220;rgba(255,255,255,0.7)&#8220; text_font_size=&#8220;18px&#8220; text_line_height=&#8220;1.8em&#8220; background_layout=&#8220;dark&#8220; global_colors_info=&#8220;{}&#8220;]<\/p>\n<p>Holler Tore bietet Systeme f\u00fcr den Gewerbe- und Privatsektor, sowie standardisierte Komponenten f\u00fcr die Installation eigener Systeme (DIY) an.\n        <\/p>\n<p>F\u00fcr Gewerbekunden umfasst das Produktsortiment Schiebetore, Drehtore und Geht\u00fcren und Z\u00e4une.\n        <\/p>\n<p>F\u00fcr Privatkunden bietet Holler Tore Schiebetore, Drehtore und Geht\u00fcren, Z\u00e4une und Briefkasten- und Pakets\u00e4ulen an.\n        <\/p>\n<p>[\/et_pb_text][\/et_pb_column][\/et_pb_row][\/et_pb_section]<\/p>\n","protected":false},"excerpt":{"rendered":"<p>Holler Tore ist seit mehr als 30 Jahren in den Bereichen Tor- und Zaunsysteme t\u00e4tig. @Gard Door System Hier finden Sie s\u00e4mtliche Produkte Holler Tore bietet Systeme f\u00fcr den Gewerbe- und Privatsektor, sowie standardisierte Komponenten f\u00fcr die Installation eigener Systeme (DIY) an. F\u00fcr Gewerbekunden umfasst das Produktsortiment Schiebetore, Drehtore und Geht\u00fcren und Z\u00e4une. F\u00fcr Privatkunden [&hellip;]<\/p>\n","protected":false},"author":2,"featured_media":0,"parent":0,"menu_order":0,"comment_status":"closed","ping_status":"closed","template":"","meta":{"_et_pb_use_builder":"on","_et_pb_old_content":"","_et_gb_content_width":"","footnotes":""},"class_list":["post-643","page","type-page","status-publish","hentry"],"yoast_head":"<!-- This site is optimized with the Yoast SEO plugin v27.3 - https:\/\/yoast.com\/product\/yoast-seo-wordpress\/ -->\n<title>Tor- und Zaunsysteme Holler - Gard Door System SA<\/title>\n<meta name=\"description\" content=\"Gard Door System bietet Produkte von Holler Tore an: Systeme f\u00fcr den Gewerbe- und Privatsektor und standardisierte Komponenten.\" \/>\n<meta name=\"robots\" content=\"index, follow, max-snippet:-1, max-image-preview:large, max-video-preview:-1\" \/>\n<link rel=\"canonical\" href=\"https:\/\/dev.gard-door-system.ch\/de\/holler\/\" \/>\n<meta property=\"og:locale\" content=\"de_DE\" \/>\n<meta property=\"og:type\" content=\"article\" \/>\n<meta property=\"og:title\" content=\"Tor- und Zaunsysteme Holler - Gard Door System SA\" \/>\n<meta property=\"og:description\" content=\"Gard Door System bietet Produkte von Holler Tore an: Systeme f\u00fcr den Gewerbe- und Privatsektor und standardisierte Komponenten.\" \/>\n<meta property=\"og:url\" content=\"https:\/\/dev.gard-door-system.ch\/de\/holler\/\" \/>\n<meta property=\"og:site_name\" content=\"Gard Door System SA\" \/>\n<meta property=\"article:modified_time\" content=\"2025-01-07T14:59:01+00:00\" \/>\n<meta property=\"og:image\" content=\"https:\/\/alpmobi-tools.alpsoft.ch\/images\/times-circle.png\" \/>\n<meta name=\"twitter:card\" content=\"summary_large_image\" \/>\n<meta name=\"twitter:label1\" content=\"Gesch\u00e4tzte Lesezeit\" \/>\n\t<meta name=\"twitter:data1\" content=\"1\u00a0Minute\" \/>\n<script type=\"application\/ld+json\" class=\"yoast-schema-graph\">{\"@context\":\"https:\\\/\\\/schema.org\",\"@graph\":[{\"@type\":\"WebPage\",\"@id\":\"https:\\\/\\\/dev.gard-door-system.ch\\\/de\\\/holler\\\/\",\"url\":\"https:\\\/\\\/dev.gard-door-system.ch\\\/de\\\/holler\\\/\",\"name\":\"Tor- und Zaunsysteme Holler - Gard Door System SA\",\"isPartOf\":{\"@id\":\"https:\\\/\\\/dev.gard-door-system.ch\\\/de\\\/#website\"},\"primaryImageOfPage\":{\"@id\":\"https:\\\/\\\/dev.gard-door-system.ch\\\/de\\\/holler\\\/#primaryimage\"},\"image\":{\"@id\":\"https:\\\/\\\/dev.gard-door-system.ch\\\/de\\\/holler\\\/#primaryimage\"},\"thumbnailUrl\":\"https:\\\/\\\/alpmobi-tools.alpsoft.ch\\\/images\\\/times-circle.png\",\"datePublished\":\"2023-03-28T11:26:14+00:00\",\"dateModified\":\"2025-01-07T14:59:01+00:00\",\"description\":\"Gard Door System bietet Produkte von Holler Tore an: Systeme f\u00fcr den Gewerbe- und Privatsektor und standardisierte Komponenten.\",\"breadcrumb\":{\"@id\":\"https:\\\/\\\/dev.gard-door-system.ch\\\/de\\\/holler\\\/#breadcrumb\"},\"inLanguage\":\"de\",\"potentialAction\":[{\"@type\":\"ReadAction\",\"target\":[\"https:\\\/\\\/dev.gard-door-system.ch\\\/de\\\/holler\\\/\"]}]},{\"@type\":\"ImageObject\",\"inLanguage\":\"de\",\"@id\":\"https:\\\/\\\/dev.gard-door-system.ch\\\/de\\\/holler\\\/#primaryimage\",\"url\":\"https:\\\/\\\/alpmobi-tools.alpsoft.ch\\\/images\\\/times-circle.png\",\"contentUrl\":\"https:\\\/\\\/alpmobi-tools.alpsoft.ch\\\/images\\\/times-circle.png\"},{\"@type\":\"BreadcrumbList\",\"@id\":\"https:\\\/\\\/dev.gard-door-system.ch\\\/de\\\/holler\\\/#breadcrumb\",\"itemListElement\":[{\"@type\":\"ListItem\",\"position\":1,\"name\":\"Accueil\",\"item\":\"https:\\\/\\\/dev.gard-door-system.ch\\\/de\\\/\"},{\"@type\":\"ListItem\",\"position\":2,\"name\":\"Holler\"}]},{\"@type\":\"WebSite\",\"@id\":\"https:\\\/\\\/dev.gard-door-system.ch\\\/de\\\/#website\",\"url\":\"https:\\\/\\\/dev.gard-door-system.ch\\\/de\\\/\",\"name\":\"Gard Door System SA\",\"description\":\"\",\"publisher\":{\"@id\":\"https:\\\/\\\/dev.gard-door-system.ch\\\/de\\\/#organization\"},\"potentialAction\":[{\"@type\":\"SearchAction\",\"target\":{\"@type\":\"EntryPoint\",\"urlTemplate\":\"https:\\\/\\\/dev.gard-door-system.ch\\\/de\\\/?s={search_term_string}\"},\"query-input\":{\"@type\":\"PropertyValueSpecification\",\"valueRequired\":true,\"valueName\":\"search_term_string\"}}],\"inLanguage\":\"de\"},{\"@type\":\"Organization\",\"@id\":\"https:\\\/\\\/dev.gard-door-system.ch\\\/de\\\/#organization\",\"name\":\"Gard Door System SA\",\"url\":\"https:\\\/\\\/dev.gard-door-system.ch\\\/de\\\/\",\"logo\":{\"@type\":\"ImageObject\",\"inLanguage\":\"de\",\"@id\":\"https:\\\/\\\/dev.gard-door-system.ch\\\/de\\\/#\\\/schema\\\/logo\\\/image\\\/\",\"url\":\"https:\\\/\\\/dev.gard-door-system.ch\\\/wp-content\\\/uploads\\\/2023\\\/02\\\/6Fichier-12x-1.png\",\"contentUrl\":\"https:\\\/\\\/dev.gard-door-system.ch\\\/wp-content\\\/uploads\\\/2023\\\/02\\\/6Fichier-12x-1.png\",\"width\":1665,\"height\":1156,\"caption\":\"Gard Door System SA\"},\"image\":{\"@id\":\"https:\\\/\\\/dev.gard-door-system.ch\\\/de\\\/#\\\/schema\\\/logo\\\/image\\\/\"}}]}<\/script>\n<!-- \/ Yoast SEO plugin. -->","yoast_head_json":{"title":"Tor- und Zaunsysteme Holler - Gard Door System SA","description":"Gard Door System bietet Produkte von Holler Tore an: Systeme f\u00fcr den Gewerbe- und Privatsektor und standardisierte Komponenten.","robots":{"index":"index","follow":"follow","max-snippet":"max-snippet:-1","max-image-preview":"max-image-preview:large","max-video-preview":"max-video-preview:-1"},"canonical":"https:\/\/dev.gard-door-system.ch\/de\/holler\/","og_locale":"de_DE","og_type":"article","og_title":"Tor- und Zaunsysteme Holler - Gard Door System SA","og_description":"Gard Door System bietet Produkte von Holler Tore an: Systeme f\u00fcr den Gewerbe- und Privatsektor und standardisierte Komponenten.","og_url":"https:\/\/dev.gard-door-system.ch\/de\/holler\/","og_site_name":"Gard Door System SA","article_modified_time":"2025-01-07T14:59:01+00:00","og_image":[{"url":"https:\/\/alpmobi-tools.alpsoft.ch\/images\/times-circle.png","type":"","width":"","height":""}],"twitter_card":"summary_large_image","twitter_misc":{"Gesch\u00e4tzte Lesezeit":"1\u00a0Minute"},"schema":{"@context":"https:\/\/schema.org","@graph":[{"@type":"WebPage","@id":"https:\/\/dev.gard-door-system.ch\/de\/holler\/","url":"https:\/\/dev.gard-door-system.ch\/de\/holler\/","name":"Tor- und Zaunsysteme Holler - Gard Door System SA","isPartOf":{"@id":"https:\/\/dev.gard-door-system.ch\/de\/#website"},"primaryImageOfPage":{"@id":"https:\/\/dev.gard-door-system.ch\/de\/holler\/#primaryimage"},"image":{"@id":"https:\/\/dev.gard-door-system.ch\/de\/holler\/#primaryimage"},"thumbnailUrl":"https:\/\/alpmobi-tools.alpsoft.ch\/images\/times-circle.png","datePublished":"2023-03-28T11:26:14+00:00","dateModified":"2025-01-07T14:59:01+00:00","description":"Gard Door System bietet Produkte von Holler Tore an: Systeme f\u00fcr den Gewerbe- und Privatsektor und standardisierte Komponenten.","breadcrumb":{"@id":"https:\/\/dev.gard-door-system.ch\/de\/holler\/#breadcrumb"},"inLanguage":"de","potentialAction":[{"@type":"ReadAction","target":["https:\/\/dev.gard-door-system.ch\/de\/holler\/"]}]},{"@type":"ImageObject","inLanguage":"de","@id":"https:\/\/dev.gard-door-system.ch\/de\/holler\/#primaryimage","url":"https:\/\/alpmobi-tools.alpsoft.ch\/images\/times-circle.png","contentUrl":"https:\/\/alpmobi-tools.alpsoft.ch\/images\/times-circle.png"},{"@type":"BreadcrumbList","@id":"https:\/\/dev.gard-door-system.ch\/de\/holler\/#breadcrumb","itemListElement":[{"@type":"ListItem","position":1,"name":"Accueil","item":"https:\/\/dev.gard-door-system.ch\/de\/"},{"@type":"ListItem","position":2,"name":"Holler"}]},{"@type":"WebSite","@id":"https:\/\/dev.gard-door-system.ch\/de\/#website","url":"https:\/\/dev.gard-door-system.ch\/de\/","name":"Gard Door System SA","description":"","publisher":{"@id":"https:\/\/dev.gard-door-system.ch\/de\/#organization"},"potentialAction":[{"@type":"SearchAction","target":{"@type":"EntryPoint","urlTemplate":"https:\/\/dev.gard-door-system.ch\/de\/?s={search_term_string}"},"query-input":{"@type":"PropertyValueSpecification","valueRequired":true,"valueName":"search_term_string"}}],"inLanguage":"de"},{"@type":"Organization","@id":"https:\/\/dev.gard-door-system.ch\/de\/#organization","name":"Gard Door System SA","url":"https:\/\/dev.gard-door-system.ch\/de\/","logo":{"@type":"ImageObject","inLanguage":"de","@id":"https:\/\/dev.gard-door-system.ch\/de\/#\/schema\/logo\/image\/","url":"https:\/\/dev.gard-door-system.ch\/wp-content\/uploads\/2023\/02\/6Fichier-12x-1.png","contentUrl":"https:\/\/dev.gard-door-system.ch\/wp-content\/uploads\/2023\/02\/6Fichier-12x-1.png","width":1665,"height":1156,"caption":"Gard Door System SA"},"image":{"@id":"https:\/\/dev.gard-door-system.ch\/de\/#\/schema\/logo\/image\/"}}]}},"_links":{"self":[{"href":"https:\/\/dev.gard-door-system.ch\/de\/wp-json\/wp\/v2\/pages\/643","targetHints":{"allow":["GET"]}}],"collection":[{"href":"https:\/\/dev.gard-door-system.ch\/de\/wp-json\/wp\/v2\/pages"}],"about":[{"href":"https:\/\/dev.gard-door-system.ch\/de\/wp-json\/wp\/v2\/types\/page"}],"author":[{"embeddable":true,"href":"https:\/\/dev.gard-door-system.ch\/de\/wp-json\/wp\/v2\/users\/2"}],"replies":[{"embeddable":true,"href":"https:\/\/dev.gard-door-system.ch\/de\/wp-json\/wp\/v2\/comments?post=643"}],"version-history":[{"count":2,"href":"https:\/\/dev.gard-door-system.ch\/de\/wp-json\/wp\/v2\/pages\/643\/revisions"}],"predecessor-version":[{"id":730,"href":"https:\/\/dev.gard-door-system.ch\/de\/wp-json\/wp\/v2\/pages\/643\/revisions\/730"}],"wp:attachment":[{"href":"https:\/\/dev.gard-door-system.ch\/de\/wp-json\/wp\/v2\/media?parent=643"}],"curies":[{"name":"wp","href":"https:\/\/api.w.org\/{rel}","templated":true}]}}