{"id":687,"date":"2024-09-09T13:35:51","date_gmt":"2024-09-09T11:35:51","guid":{"rendered":"https:\/\/dev.gard-door-system.ch\/parkschutz\/"},"modified":"2025-04-09T13:57:56","modified_gmt":"2025-04-09T11:57:56","slug":"parkschutz","status":"publish","type":"page","link":"https:\/\/dev.gard-door-system.ch\/de\/parkschutz\/","title":{"rendered":"Parkschutz"},"content":{"rendered":"<p>[et_pb_section fb_built=&#8220;1&#8243; _builder_version=&#8220;4.27.0&#8243; _module_preset=&#8220;default&#8220; global_colors_info=&#8220;{}&#8220;][et_pb_row column_structure=&#8220;1_2,1_2&#8243; module_id=&#8220;barrier&#8220; _builder_version=&#8220;4.27.0&#8243; _module_preset=&#8220;default&#8220; global_colors_info=&#8220;{}&#8220;][et_pb_column type=&#8220;1_2&#8243; _builder_version=&#8220;4.27.0&#8243; _module_preset=&#8220;default&#8220; global_colors_info=&#8220;{}&#8220;][et_pb_image src=&#8220;https:\/\/dev.gard-door-system.ch\/wp-content\/uploads\/2024\/09\/barrier-600&#215;600-1-300&#215;300.jpg&#8220; title_text=&#8220;barrier-600&#215;600&#8243; align=&#8220;center&#8220; _builder_version=&#8220;4.27.0&#8243; _module_preset=&#8220;default&#8220; global_colors_info=&#8220;{}&#8220;][\/et_pb_image][\/et_pb_column][et_pb_column type=&#8220;1_2&#8243; _builder_version=&#8220;4.27.0&#8243; _module_preset=&#8220;default&#8220; global_colors_info=&#8220;{}&#8220;][et_pb_text _builder_version=&#8220;4.27.0&#8243; _module_preset=&#8220;default&#8220; global_colors_info=&#8220;{}&#8220;]<\/p>\n<h2>Automatischer Parkb\u00fcgel<\/h2>\n<p><strong>Parklio\u2122 Barrier <\/strong>sch\u00fctzt einen einzelnen Parkplatz vor unbefugter Nutzung und bietet gleichzeitig innovative Funktionen und mehrere Optionen zur Steuerung von Barrieren.<\/p>\n<p>Verbinden Sie sich \u00fcber die kostenlose <strong>Parklio\u2122 Connect<\/strong> App mit Ihrem intelligenten Parkb\u00fcgel und entsperren Sie diesen mit einem einfachen Klick auf Ihrem Smartphone. Wenn Sie die App zur Steuerung Ihres automatischen Parkb\u00fcgels lieber nicht nutzen m\u00f6chten, k\u00f6nnen Sie die Fernbedienung \u2014 Parklio keyfob verwenden.  <\/p>\n<p>[\/et_pb_text][et_pb_button button_url=&#8220;https:\/\/dev.gard-door-system.ch\/de\/kontakt\/&#8220; url_new_window=&#8220;on&#8220; button_text=&#8220;Mehr dar\u00fcber&#8220; button_text_last_edited=&#8220;off|desktop&#8220; _builder_version=&#8220;4.27.0&#8243; _module_preset=&#8220;default&#8220; global_colors_info=&#8220;{}&#8220;][\/et_pb_button][\/et_pb_column][\/et_pb_row][et_pb_row column_structure=&#8220;1_2,1_2&#8243; module_id=&#8220;chain&#8220; _builder_version=&#8220;4.27.0&#8243; _module_preset=&#8220;default&#8220; global_colors_info=&#8220;{}&#8220;][et_pb_column type=&#8220;1_2&#8243; _builder_version=&#8220;4.27.0&#8243; _module_preset=&#8220;default&#8220; global_colors_info=&#8220;{}&#8220;][et_pb_image src=&#8220;https:\/\/dev.gard-door-system.ch\/wp-content\/uploads\/2024\/09\/chain-600&#215;600-1-300&#215;300.jpg&#8220; title_text=&#8220;chain-600&#215;600&#8243; align=&#8220;center&#8220; _builder_version=&#8220;4.27.0&#8243; _module_preset=&#8220;default&#8220; global_colors_info=&#8220;{}&#8220;][\/et_pb_image][\/et_pb_column][et_pb_column type=&#8220;1_2&#8243; _builder_version=&#8220;4.27.0&#8243; _module_preset=&#8220;default&#8220; global_colors_info=&#8220;{}&#8220;][et_pb_text _builder_version=&#8220;4.27.0&#8243; _module_preset=&#8220;default&#8220; global_colors_info=&#8220;{}&#8220;]<\/p>\n<h2>Automatische Kettenschranke<\/h2>\n<p>Die automatische Kettenschranke Parklio ist ein automatisiertes Sperrsystem, das entwickelt wurde, um die Zufahrt von Fahrzeugen zu speziellen Bereichen, wie Parkpl\u00e4tzen, Alleen oder Bereichen mit Zugangsbeschr\u00e4nkung zu kontrollieren.<br \/>Die Schranke besteht aus zwei robusten und sehr langlebigen S\u00e4ulen, die mit einem integrierten angetriebenen Mechanismus versehen sind.<br \/>Eine Kette ist an dieser S\u00e4ule angebracht und kann automatisch durch das angetriebene System aus- und eingefahren werden.<br \/>Wenn die Zufahrt gestattet ist, wird die Kette abgesenkt, um die Fahrzeuge durchzulassen.   <\/p>\n<p>[\/et_pb_text][et_pb_button button_url=&#8220;https:\/\/dev.gard-door-system.ch\/de\/kontakt\/&#8220; url_new_window=&#8220;on&#8220; button_text=&#8220;Mehr dar\u00fcber&#8220; button_text_last_edited=&#8220;off|desktop&#8220; _builder_version=&#8220;4.27.0&#8243; _module_preset=&#8220;default&#8220; global_colors_info=&#8220;{}&#8220;][\/et_pb_button][\/et_pb_column][\/et_pb_row][et_pb_row column_structure=&#8220;1_2,1_2&#8243; module_id=&#8220;gate&#8220; _builder_version=&#8220;4.27.0&#8243; _module_preset=&#8220;default&#8220; global_colors_info=&#8220;{}&#8220;][et_pb_column type=&#8220;1_2&#8243; _builder_version=&#8220;4.27.0&#8243; _module_preset=&#8220;default&#8220; global_colors_info=&#8220;{}&#8220;][et_pb_image src=&#8220;https:\/\/dev.gard-door-system.ch\/wp-content\/uploads\/2024\/09\/gate-600&#215;600-1-300&#215;300.jpg&#8220; title_text=&#8220;gate-600&#215;600&#8243; align=&#8220;center&#8220; _builder_version=&#8220;4.27.0&#8243; _module_preset=&#8220;default&#8220; global_colors_info=&#8220;{}&#8220;][\/et_pb_image][\/et_pb_column][et_pb_column type=&#8220;1_2&#8243; _builder_version=&#8220;4.27.0&#8243; _module_preset=&#8220;default&#8220; global_colors_info=&#8220;{}&#8220;][et_pb_text _builder_version=&#8220;4.27.0&#8243; _module_preset=&#8220;default&#8220; global_colors_info=&#8220;{}&#8220;]<\/p>\n<h2>Automatische Schrankenanlage<\/h2>\n<p>Die automatische Schrankenanlage Parklio kommt zum Einsatz, um die Zufahrt von Fahrzeugen zu speziellen Bereichen, wie Parkpl\u00e4tzen, Wohnkomplexen oder Mautstellen zu kontrollieren.<br \/>Die automatischen Schrankenanlagen erm\u00f6glichen die Regelung des Verkehrs, erh\u00f6hen die Sicherheit, indem sie unerlaubte Zufahrt unterbinden und bieten ein praktisches Zugangsmittel f\u00fcr befugte Fahrzeuge. <\/p>\n<p>[\/et_pb_text][et_pb_button button_url=&#8220;https:\/\/dev.gard-door-system.ch\/de\/kontakt\/&#8220; url_new_window=&#8220;on&#8220; button_text=&#8220;Mehr dar\u00fcber&#8220; button_text_last_edited=&#8220;off|desktop&#8220; _builder_version=&#8220;4.27.0&#8243; _module_preset=&#8220;default&#8220; global_colors_info=&#8220;{}&#8220;][\/et_pb_button][\/et_pb_column][\/et_pb_row][\/et_pb_section][et_pb_section fb_built=&#8220;1&#8243; _builder_version=&#8220;4.27.0&#8243; _module_preset=&#8220;default&#8220; global_colors_info=&#8220;{}&#8220;][et_pb_row column_structure=&#8220;2_5,3_5&#8243; _builder_version=&#8220;4.27.0&#8243; _module_preset=&#8220;default&#8220; global_colors_info=&#8220;{}&#8220;][et_pb_column type=&#8220;2_5&#8243; _builder_version=&#8220;4.27.0&#8243; _module_preset=&#8220;default&#8220; global_colors_info=&#8220;{}&#8220;][et_pb_image src=&#8220;https:\/\/dev.gard-door-system.ch\/wp-content\/uploads\/2024\/09\/mobile-187&#215;300.png&#8220; title_text=&#8220;Handy&#8220; align=&#8220;center&#8220; _builder_version=&#8220;4.27.0&#8243; _module_preset=&#8220;default&#8220; global_colors_info=&#8220;{}&#8220;][\/et_pb_image][\/et_pb_column][et_pb_column type=&#8220;3_5&#8243; _builder_version=&#8220;4.27.0&#8243; _module_preset=&#8220;default&#8220; global_colors_info=&#8220;{}&#8220;][et_pb_text _builder_version=&#8220;4.27.0&#8243; _module_preset=&#8220;default&#8220; global_colors_info=&#8220;{}&#8220;]<\/p>\n<h2>FERNSTEUERUNG IHRER ANLAGE<\/h2>\n<p>Betreiben Sie Ihre automatische Anlage ganz einfach dank der kostenlosen App <strong>Parklio Connect<\/strong>.<br \/>Der Schl\u00fcssel l\u00e4sst sich ganz einfach und kostenlos mit anderen teilen. <\/p>\n<p>[\/et_pb_text][\/et_pb_column][\/et_pb_row][et_pb_row _builder_version=&#8220;4.27.4&#8243; _module_preset=&#8220;default&#8220;][et_pb_column _builder_version=&#8220;4.27.4&#8243; _module_preset=&#8220;default&#8220; type=&#8220;4_4&#8243;][et_pb_text _builder_version=&#8220;4.27.4&#8243; _module_preset=&#8220;default&#8220; text_font_size=&#8220;20px&#8220; text_orientation=&#8220;center&#8220; text_font=&#8220;|700|||||||&#8220; hover_enabled=&#8220;0&#8243; sticky_enabled=&#8220;0&#8243;]<\/p>\n<p>Lieferzeit: 6 bis 8 Wochen nach Bestelleingang. Lagerbestand eventuell verf\u00fcgbar \u2013 bitte kontaktieren Sie uns im Notfall. <\/p>\n<p>[\/et_pb_text][\/et_pb_column][\/et_pb_row][\/et_pb_section]<\/p>\n","protected":false},"excerpt":{"rendered":"<p>Automatischer Parkb\u00fcgel Parklio\u2122 Barrier sch\u00fctzt einen einzelnen Parkplatz vor unbefugter Nutzung und bietet gleichzeitig innovative Funktionen und mehrere Optionen zur Steuerung von Barrieren. Verbinden Sie sich \u00fcber die kostenlose Parklio\u2122 Connect App mit Ihrem intelligenten Parkb\u00fcgel und entsperren Sie diesen mit einem einfachen Klick auf Ihrem Smartphone. Wenn Sie die App zur Steuerung Ihres automatischen [&hellip;]<\/p>\n","protected":false},"author":2,"featured_media":0,"parent":0,"menu_order":0,"comment_status":"closed","ping_status":"closed","template":"","meta":{"_et_pb_use_builder":"on","_et_pb_old_content":"","_et_gb_content_width":"","footnotes":""},"class_list":["post-687","page","type-page","status-publish","hentry"],"yoast_head":"<!-- This site is optimized with the Yoast SEO plugin v27.3 - https:\/\/yoast.com\/product\/yoast-seo-wordpress\/ -->\n<title>Parkschutz - Gard Door System SA<\/title>\n<meta name=\"description\" content=\"Sch\u00fctzen Sie Ihre Parkpl\u00e4tze mit Parklio, den marktf\u00fchrenden Parkprodukten, die \u00fcber eine mobile Anwendung verwaltet werden.\" \/>\n<meta name=\"robots\" content=\"index, follow, max-snippet:-1, max-image-preview:large, max-video-preview:-1\" \/>\n<link rel=\"canonical\" href=\"https:\/\/dev.gard-door-system.ch\/de\/parkschutz\/\" \/>\n<meta property=\"og:locale\" content=\"de_DE\" \/>\n<meta property=\"og:type\" content=\"article\" \/>\n<meta property=\"og:title\" content=\"Parkschutz - Gard Door System SA\" \/>\n<meta property=\"og:description\" content=\"Sch\u00fctzen Sie Ihre Parkpl\u00e4tze mit Parklio, den marktf\u00fchrenden Parkprodukten, die \u00fcber eine mobile Anwendung verwaltet werden.\" \/>\n<meta property=\"og:url\" content=\"https:\/\/dev.gard-door-system.ch\/de\/parkschutz\/\" \/>\n<meta property=\"og:site_name\" content=\"Gard Door System SA\" \/>\n<meta property=\"article:modified_time\" content=\"2025-04-09T11:57:56+00:00\" \/>\n<meta property=\"og:image\" content=\"https:\/\/dev.gard-door-system.ch\/wp-content\/uploads\/2023\/03\/logo-GDS.png\" \/>\n\t<meta property=\"og:image:width\" content=\"1200\" \/>\n\t<meta property=\"og:image:height\" content=\"675\" \/>\n\t<meta property=\"og:image:type\" content=\"image\/png\" \/>\n<meta name=\"twitter:card\" content=\"summary_large_image\" \/>\n<meta name=\"twitter:label1\" content=\"Gesch\u00e4tzte Lesezeit\" \/>\n\t<meta name=\"twitter:data1\" content=\"3\u00a0Minuten\" \/>\n<script type=\"application\/ld+json\" class=\"yoast-schema-graph\">{\"@context\":\"https:\\\/\\\/schema.org\",\"@graph\":[{\"@type\":\"WebPage\",\"@id\":\"https:\\\/\\\/dev.gard-door-system.ch\\\/de\\\/parkschutz\\\/\",\"url\":\"https:\\\/\\\/dev.gard-door-system.ch\\\/de\\\/parkschutz\\\/\",\"name\":\"Parkschutz - Gard Door System SA\",\"isPartOf\":{\"@id\":\"https:\\\/\\\/dev.gard-door-system.ch\\\/de\\\/#website\"},\"datePublished\":\"2024-09-09T11:35:51+00:00\",\"dateModified\":\"2025-04-09T11:57:56+00:00\",\"description\":\"Sch\u00fctzen Sie Ihre Parkpl\u00e4tze mit Parklio, den marktf\u00fchrenden Parkprodukten, die \u00fcber eine mobile Anwendung verwaltet werden.\",\"breadcrumb\":{\"@id\":\"https:\\\/\\\/dev.gard-door-system.ch\\\/de\\\/parkschutz\\\/#breadcrumb\"},\"inLanguage\":\"de\",\"potentialAction\":[{\"@type\":\"ReadAction\",\"target\":[\"https:\\\/\\\/dev.gard-door-system.ch\\\/de\\\/parkschutz\\\/\"]}]},{\"@type\":\"BreadcrumbList\",\"@id\":\"https:\\\/\\\/dev.gard-door-system.ch\\\/de\\\/parkschutz\\\/#breadcrumb\",\"itemListElement\":[{\"@type\":\"ListItem\",\"position\":1,\"name\":\"Accueil\",\"item\":\"https:\\\/\\\/dev.gard-door-system.ch\\\/de\\\/\"},{\"@type\":\"ListItem\",\"position\":2,\"name\":\"Parkschutz\"}]},{\"@type\":\"WebSite\",\"@id\":\"https:\\\/\\\/dev.gard-door-system.ch\\\/de\\\/#website\",\"url\":\"https:\\\/\\\/dev.gard-door-system.ch\\\/de\\\/\",\"name\":\"Gard Door System SA\",\"description\":\"\",\"publisher\":{\"@id\":\"https:\\\/\\\/dev.gard-door-system.ch\\\/de\\\/#organization\"},\"potentialAction\":[{\"@type\":\"SearchAction\",\"target\":{\"@type\":\"EntryPoint\",\"urlTemplate\":\"https:\\\/\\\/dev.gard-door-system.ch\\\/de\\\/?s={search_term_string}\"},\"query-input\":{\"@type\":\"PropertyValueSpecification\",\"valueRequired\":true,\"valueName\":\"search_term_string\"}}],\"inLanguage\":\"de\"},{\"@type\":\"Organization\",\"@id\":\"https:\\\/\\\/dev.gard-door-system.ch\\\/de\\\/#organization\",\"name\":\"Gard Door System SA\",\"url\":\"https:\\\/\\\/dev.gard-door-system.ch\\\/de\\\/\",\"logo\":{\"@type\":\"ImageObject\",\"inLanguage\":\"de\",\"@id\":\"https:\\\/\\\/dev.gard-door-system.ch\\\/de\\\/#\\\/schema\\\/logo\\\/image\\\/\",\"url\":\"https:\\\/\\\/dev.gard-door-system.ch\\\/wp-content\\\/uploads\\\/2023\\\/02\\\/6Fichier-12x-1.png\",\"contentUrl\":\"https:\\\/\\\/dev.gard-door-system.ch\\\/wp-content\\\/uploads\\\/2023\\\/02\\\/6Fichier-12x-1.png\",\"width\":1665,\"height\":1156,\"caption\":\"Gard Door System SA\"},\"image\":{\"@id\":\"https:\\\/\\\/dev.gard-door-system.ch\\\/de\\\/#\\\/schema\\\/logo\\\/image\\\/\"}}]}<\/script>\n<!-- \/ Yoast SEO plugin. -->","yoast_head_json":{"title":"Parkschutz - Gard Door System SA","description":"Sch\u00fctzen Sie Ihre Parkpl\u00e4tze mit Parklio, den marktf\u00fchrenden Parkprodukten, die \u00fcber eine mobile Anwendung verwaltet werden.","robots":{"index":"index","follow":"follow","max-snippet":"max-snippet:-1","max-image-preview":"max-image-preview:large","max-video-preview":"max-video-preview:-1"},"canonical":"https:\/\/dev.gard-door-system.ch\/de\/parkschutz\/","og_locale":"de_DE","og_type":"article","og_title":"Parkschutz - Gard Door System SA","og_description":"Sch\u00fctzen Sie Ihre Parkpl\u00e4tze mit Parklio, den marktf\u00fchrenden Parkprodukten, die \u00fcber eine mobile Anwendung verwaltet werden.","og_url":"https:\/\/dev.gard-door-system.ch\/de\/parkschutz\/","og_site_name":"Gard Door System SA","article_modified_time":"2025-04-09T11:57:56+00:00","og_image":[{"width":1200,"height":675,"url":"https:\/\/dev.gard-door-system.ch\/wp-content\/uploads\/2023\/03\/logo-GDS.png","type":"image\/png"}],"twitter_card":"summary_large_image","twitter_misc":{"Gesch\u00e4tzte Lesezeit":"3\u00a0Minuten"},"schema":{"@context":"https:\/\/schema.org","@graph":[{"@type":"WebPage","@id":"https:\/\/dev.gard-door-system.ch\/de\/parkschutz\/","url":"https:\/\/dev.gard-door-system.ch\/de\/parkschutz\/","name":"Parkschutz - Gard Door System SA","isPartOf":{"@id":"https:\/\/dev.gard-door-system.ch\/de\/#website"},"datePublished":"2024-09-09T11:35:51+00:00","dateModified":"2025-04-09T11:57:56+00:00","description":"Sch\u00fctzen Sie Ihre Parkpl\u00e4tze mit Parklio, den marktf\u00fchrenden Parkprodukten, die \u00fcber eine mobile Anwendung verwaltet werden.","breadcrumb":{"@id":"https:\/\/dev.gard-door-system.ch\/de\/parkschutz\/#breadcrumb"},"inLanguage":"de","potentialAction":[{"@type":"ReadAction","target":["https:\/\/dev.gard-door-system.ch\/de\/parkschutz\/"]}]},{"@type":"BreadcrumbList","@id":"https:\/\/dev.gard-door-system.ch\/de\/parkschutz\/#breadcrumb","itemListElement":[{"@type":"ListItem","position":1,"name":"Accueil","item":"https:\/\/dev.gard-door-system.ch\/de\/"},{"@type":"ListItem","position":2,"name":"Parkschutz"}]},{"@type":"WebSite","@id":"https:\/\/dev.gard-door-system.ch\/de\/#website","url":"https:\/\/dev.gard-door-system.ch\/de\/","name":"Gard Door System SA","description":"","publisher":{"@id":"https:\/\/dev.gard-door-system.ch\/de\/#organization"},"potentialAction":[{"@type":"SearchAction","target":{"@type":"EntryPoint","urlTemplate":"https:\/\/dev.gard-door-system.ch\/de\/?s={search_term_string}"},"query-input":{"@type":"PropertyValueSpecification","valueRequired":true,"valueName":"search_term_string"}}],"inLanguage":"de"},{"@type":"Organization","@id":"https:\/\/dev.gard-door-system.ch\/de\/#organization","name":"Gard Door System SA","url":"https:\/\/dev.gard-door-system.ch\/de\/","logo":{"@type":"ImageObject","inLanguage":"de","@id":"https:\/\/dev.gard-door-system.ch\/de\/#\/schema\/logo\/image\/","url":"https:\/\/dev.gard-door-system.ch\/wp-content\/uploads\/2023\/02\/6Fichier-12x-1.png","contentUrl":"https:\/\/dev.gard-door-system.ch\/wp-content\/uploads\/2023\/02\/6Fichier-12x-1.png","width":1665,"height":1156,"caption":"Gard Door System SA"},"image":{"@id":"https:\/\/dev.gard-door-system.ch\/de\/#\/schema\/logo\/image\/"}}]}},"_links":{"self":[{"href":"https:\/\/dev.gard-door-system.ch\/de\/wp-json\/wp\/v2\/pages\/687","targetHints":{"allow":["GET"]}}],"collection":[{"href":"https:\/\/dev.gard-door-system.ch\/de\/wp-json\/wp\/v2\/pages"}],"about":[{"href":"https:\/\/dev.gard-door-system.ch\/de\/wp-json\/wp\/v2\/types\/page"}],"author":[{"embeddable":true,"href":"https:\/\/dev.gard-door-system.ch\/de\/wp-json\/wp\/v2\/users\/2"}],"replies":[{"embeddable":true,"href":"https:\/\/dev.gard-door-system.ch\/de\/wp-json\/wp\/v2\/comments?post=687"}],"version-history":[{"count":5,"href":"https:\/\/dev.gard-door-system.ch\/de\/wp-json\/wp\/v2\/pages\/687\/revisions"}],"predecessor-version":[{"id":802,"href":"https:\/\/dev.gard-door-system.ch\/de\/wp-json\/wp\/v2\/pages\/687\/revisions\/802"}],"wp:attachment":[{"href":"https:\/\/dev.gard-door-system.ch\/de\/wp-json\/wp\/v2\/media?parent=687"}],"curies":[{"name":"wp","href":"https:\/\/api.w.org\/{rel}","templated":true}]}}